{"id":388,"date":"2025-01-03T21:01:54","date_gmt":"2025-01-03T18:01:54","guid":{"rendered":"https:\/\/metallurgicalportal.com\/?page_id=388"},"modified":"2025-01-03T21:06:32","modified_gmt":"2025-01-03T18:06:32","slug":"kontakt","status":"publish","type":"page","link":"https:\/\/metallurgicalportal.com\/ee\/kontakt\/","title":{"rendered":"Kontaktid"},"content":{"rendered":"<div data-elementor-type=\"wp-page\" data-elementor-id=\"388\" class=\"elementor elementor-388\" data-elementor-post-type=\"page\">\n\t\t\t\t<div class=\"elementor-element elementor-element-97d895d e-flex e-con-boxed e-con e-parent\" data-id=\"97d895d\" data-element_type=\"container\">\n\t\t\t\t\t<div class=\"e-con-inner\">\n\t\t\t\t<div class=\"elementor-element elementor-element-2f7cd64 elementor-widget elementor-widget-html\" data-id=\"2f7cd64\" data-element_type=\"widget\" data-widget_type=\"html.default\">\n\t\t\t\t<div class=\"elementor-widget-container\">\n\t\t\t\t\t<!DOCTYPE html>\r\n<html lang=\"uk\">\r\n<head>\r\n    <meta charset=\"UTF-8\">\r\n    <meta name=\"viewport\" content=\"width=device-width, initial-scale=1.0\">\r\n    <title>\u041a\u043e\u043d\u0442\u0430\u043a\u0442\u0438<\/title>\r\n    <style>\r\n        body {\r\n            font-family: 'Arial', sans-serif;\r\n            margin: 0;\r\n            padding: 0;\r\n            background-color: #f1f1f1;\r\n            color: #333;\r\n        }\r\n        .contact-block {\r\n            max-width: 600px;\r\n            margin: 50px auto;\r\n            background: #ffffff;\r\n            border-radius: 10px;\r\n            box-shadow: 0 10px 30px rgba(0, 0, 0, 0.1);\r\n            padding: 30px;\r\n            text-align: center;\r\n        }\r\n        .contact-block h2 {\r\n            margin-bottom: 20px;\r\n            color: #2c3e50;\r\n            font-size: 32px;\r\n            font-weight: bold;\r\n        }\r\n        .contact-block p {\r\n            margin: 15px 0;\r\n            font-size: 18px;\r\n            color: #7f8c8d;\r\n        }\r\n        .contact-block a {\r\n            color: #3498db;\r\n            text-decoration: none;\r\n            font-weight: bold;\r\n            font-size: 20px;\r\n        }\r\n        .contact-block a:hover {\r\n            text-decoration: underline;\r\n            color: #2980b9;\r\n        }\r\n        .contact-block .note {\r\n            margin-top: 20px;\r\n            font-style: italic;\r\n            color: #95a5a6;\r\n        }\r\n    <\/style>\r\n<\/head>\r\n<body>\r\n    <div class=\"contact-block\">\r\n        <h2>Kontaktid<\/h2>\r\n        <p>Meie e-posti aadress:<\/p>\r\n        <p><a href=\"mailto:info@metallurgicalportal.com\">info@metallurgicalportal.com<\/a><\/p>\r\n        <div class=\"note\">\r\n            <p>Palun v\u00f5tke meiega \u00fchendust e-posti teel. Me vastame niipea kui v\u00f5imalik.<\/p><div id=\"metal-2928415492\" class=\"metal-test-placement-from-wizard-1613938243 metal-entity-placement\"><script async src=\"https:\/\/pagead2.googlesyndication.com\/pagead\/js\/adsbygoogle.js?client=ca-pub-2960546228657998\"\n     crossorigin=\"anonymous\"><\/script><\/div><div id=\"metal-1675288808\" class=\"metal-test-placement-from-wizard-2811376327 metal-entity-placement\"><script async src=\"https:\/\/pagead2.googlesyndication.com\/pagead\/js\/adsbygoogle.js?client=ca-pub-2960546228657998\"\n     crossorigin=\"anonymous\"><\/script><\/div>\r\n        <\/div>\r\n    <\/div>\r\n<\/body>\r\n<\/html>\r\n\t\t\t\t<\/div>\n\t\t\t\t<\/div>\n\t\t\t\t\t<\/div>\n\t\t\t\t<\/div>\n\t\t\t\t<\/div>","protected":false},"excerpt":{"rendered":"<p>V\u00f5tke meiega \u00fchendust Meie e-posti aadress on info@metallurgicalportal.com V\u00f5tke meiega \u00fchendust aadressil .....<\/p>","protected":false},"author":1,"featured_media":0,"parent":0,"menu_order":0,"comment_status":"closed","ping_status":"closed","template":"","meta":{"footnotes":""},"class_list":["post-388","page","type-page","status-publish","hentry"],"jetpack_sharing_enabled":true,"amp_enabled":true,"_links":{"self":[{"href":"https:\/\/metallurgicalportal.com\/ee\/wp-json\/wp\/v2\/pages\/388","targetHints":{"allow":["GET"]}}],"collection":[{"href":"https:\/\/metallurgicalportal.com\/ee\/wp-json\/wp\/v2\/pages"}],"about":[{"href":"https:\/\/metallurgicalportal.com\/ee\/wp-json\/wp\/v2\/types\/page"}],"author":[{"embeddable":true,"href":"https:\/\/metallurgicalportal.com\/ee\/wp-json\/wp\/v2\/users\/1"}],"replies":[{"embeddable":true,"href":"https:\/\/metallurgicalportal.com\/ee\/wp-json\/wp\/v2\/comments?post=388"}],"version-history":[{"count":8,"href":"https:\/\/metallurgicalportal.com\/ee\/wp-json\/wp\/v2\/pages\/388\/revisions"}],"predecessor-version":[{"id":398,"href":"https:\/\/metallurgicalportal.com\/ee\/wp-json\/wp\/v2\/pages\/388\/revisions\/398"}],"wp:attachment":[{"href":"https:\/\/metallurgicalportal.com\/ee\/wp-json\/wp\/v2\/media?parent=388"}],"curies":[{"name":"wp","href":"https:\/\/api.w.org\/{rel}","templated":true}]}}